{"id":463,"date":"2019-10-28T18:14:06","date_gmt":"2019-10-28T22:14:06","guid":{"rendered":"https:\/\/gcm.robertviens.com\/?page_id=463"},"modified":"2019-11-05T10:53:41","modified_gmt":"2019-11-05T15:53:41","slug":"art-gallery","status":"publish","type":"page","link":"https:\/\/galerieclaudemaurer.ca\/en\/art-gallery\/","title":{"rendered":"Art Gallery"},"content":{"rendered":"<p>[et_pb_section fb_built=&#8221;1&#8243; _builder_version=&#8221;4.0.3&#8243;][et_pb_row _builder_version=&#8221;4.0.3&#8243;][et_pb_column type=&#8221;4_4&#8243; _builder_version=&#8221;4.0.3&#8243;][et_pb_dpblog_portfolio fullwidth=&#8221;off&#8221; posts_number=&#8221;20&#8243; custom_post_types=&#8221;project&#8221; show_categories=&#8221;off&#8221; show_excerpt=&#8221;on&#8221; excerpt_limit=&#8221;150&#8243; show_more=&#8221;on&#8221; show_more_text=&#8221;Read more&#8230;&#8221; custom_url=&#8221;on&#8221; custom_url_field_name=&#8221;artLink&#8221; lightbox=&#8221;on&#8221; gallery_cf=&#8221;on&#8221; gallery_cf_name=&#8221;artlink&#8221; _builder_version=&#8221;4.0.4&#8243; caption_font_size=&#8221;10px&#8221; caption_line_height=&#8221;1.6em&#8221; excerpt_font_size=&#8221;10px&#8221; excerpt_line_height=&#8221;1.6em&#8221; excerpt_more_link_font_size=&#8221;10px&#8221; animation_style=&#8221;fade&#8221; hover_enabled=&#8221;0&#8243; lightbox_gallery=&#8221;on&#8221;][\/et_pb_dpblog_portfolio][\/et_pb_column][\/et_pb_row][\/et_pb_section]<\/p>\n","protected":false},"excerpt":{"rendered":"","protected":false},"author":2,"featured_media":298,"parent":0,"menu_order":0,"comment_status":"closed","ping_status":"closed","template":"","meta":{"_et_pb_use_builder":"on","_et_pb_old_content":"","_et_gb_content_width":"","footnotes":""},"class_list":["post-463","page","type-page","status-publish","has-post-thumbnail","hentry"],"yoast_head":"<!-- This site is optimized with the Yoast SEO plugin v26.7 - https:\/\/yoast.com\/wordpress\/plugins\/seo\/ -->\n<title>Art Gallery - Galerie Claude Maurer<\/title>\n<meta name=\"robots\" content=\"index, follow, max-snippet:-1, max-image-preview:large, max-video-preview:-1\" \/>\n<link rel=\"canonical\" href=\"https:\/\/galerieclaudemaurer.ca\/en\/art-gallery\/\" \/>\n<meta property=\"og:locale\" content=\"en_US\" \/>\n<meta property=\"og:type\" content=\"article\" \/>\n<meta property=\"og:title\" content=\"Art Gallery - Galerie Claude Maurer\" \/>\n<meta property=\"og:url\" content=\"https:\/\/galerieclaudemaurer.ca\/en\/art-gallery\/\" \/>\n<meta property=\"og:site_name\" content=\"Galerie Claude Maurer\" \/>\n<meta property=\"article:modified_time\" content=\"2019-11-05T15:53:41+00:00\" \/>\n<meta property=\"og:image\" content=\"https:\/\/galerieclaudemaurer.ca\/wp-content\/uploads\/2019\/05\/fb-rungu-2.png\" \/>\n\t<meta property=\"og:image:width\" content=\"200\" \/>\n\t<meta property=\"og:image:height\" content=\"646\" \/>\n\t<meta property=\"og:image:type\" content=\"image\/png\" \/>\n<meta name=\"twitter:card\" content=\"summary_large_image\" \/>\n<meta name=\"twitter:label1\" content=\"Est. reading time\" \/>\n\t<meta name=\"twitter:data1\" content=\"1 minute\" \/>\n<script type=\"application\/ld+json\" class=\"yoast-schema-graph\">{\"@context\":\"https:\/\/schema.org\",\"@graph\":[{\"@type\":\"WebPage\",\"@id\":\"https:\/\/galerieclaudemaurer.ca\/en\/art-gallery\/\",\"url\":\"https:\/\/galerieclaudemaurer.ca\/en\/art-gallery\/\",\"name\":\"Art Gallery - Galerie Claude Maurer\",\"isPartOf\":{\"@id\":\"https:\/\/galerieclaudemaurer.ca\/en\/#website\"},\"primaryImageOfPage\":{\"@id\":\"https:\/\/galerieclaudemaurer.ca\/en\/art-gallery\/#primaryimage\"},\"image\":{\"@id\":\"https:\/\/galerieclaudemaurer.ca\/en\/art-gallery\/#primaryimage\"},\"thumbnailUrl\":\"https:\/\/galerieclaudemaurer.ca\/wp-content\/uploads\/2019\/05\/fb-rungu-2.png\",\"datePublished\":\"2019-10-28T22:14:06+00:00\",\"dateModified\":\"2019-11-05T15:53:41+00:00\",\"breadcrumb\":{\"@id\":\"https:\/\/galerieclaudemaurer.ca\/en\/art-gallery\/#breadcrumb\"},\"inLanguage\":\"en-US\",\"potentialAction\":[{\"@type\":\"ReadAction\",\"target\":[\"https:\/\/galerieclaudemaurer.ca\/en\/art-gallery\/\"]}]},{\"@type\":\"ImageObject\",\"inLanguage\":\"en-US\",\"@id\":\"https:\/\/galerieclaudemaurer.ca\/en\/art-gallery\/#primaryimage\",\"url\":\"https:\/\/galerieclaudemaurer.ca\/wp-content\/uploads\/2019\/05\/fb-rungu-2.png\",\"contentUrl\":\"https:\/\/galerieclaudemaurer.ca\/wp-content\/uploads\/2019\/05\/fb-rungu-2.png\",\"width\":200,\"height\":646},{\"@type\":\"BreadcrumbList\",\"@id\":\"https:\/\/galerieclaudemaurer.ca\/en\/art-gallery\/#breadcrumb\",\"itemListElement\":[{\"@type\":\"ListItem\",\"position\":1,\"name\":\"Accueil\",\"item\":\"https:\/\/galerieclaudemaurer.ca\/en\/\"},{\"@type\":\"ListItem\",\"position\":2,\"name\":\"Art Gallery\"}]},{\"@type\":\"WebSite\",\"@id\":\"https:\/\/galerieclaudemaurer.ca\/en\/#website\",\"url\":\"https:\/\/galerieclaudemaurer.ca\/en\/\",\"name\":\"Galerie Claude Maurer\",\"description\":\"Galerie d\u2019Art Africain Claude Maurer rue Sherbrooke Ouest \u00e0 Montr\u00e9al Qu\u00e9bec\",\"potentialAction\":[{\"@type\":\"SearchAction\",\"target\":{\"@type\":\"EntryPoint\",\"urlTemplate\":\"https:\/\/galerieclaudemaurer.ca\/en\/?s={search_term_string}\"},\"query-input\":{\"@type\":\"PropertyValueSpecification\",\"valueRequired\":true,\"valueName\":\"search_term_string\"}}],\"inLanguage\":\"en-US\"}]}<\/script>\n<!-- \/ Yoast SEO plugin. -->","yoast_head_json":{"title":"Art Gallery - Galerie Claude Maurer","robots":{"index":"index","follow":"follow","max-snippet":"max-snippet:-1","max-image-preview":"max-image-preview:large","max-video-preview":"max-video-preview:-1"},"canonical":"https:\/\/galerieclaudemaurer.ca\/en\/art-gallery\/","og_locale":"en_US","og_type":"article","og_title":"Art Gallery - Galerie Claude Maurer","og_url":"https:\/\/galerieclaudemaurer.ca\/en\/art-gallery\/","og_site_name":"Galerie Claude Maurer","article_modified_time":"2019-11-05T15:53:41+00:00","og_image":[{"width":200,"height":646,"url":"https:\/\/galerieclaudemaurer.ca\/wp-content\/uploads\/2019\/05\/fb-rungu-2.png","type":"image\/png"}],"twitter_card":"summary_large_image","twitter_misc":{"Est. reading time":"1 minute"},"schema":{"@context":"https:\/\/schema.org","@graph":[{"@type":"WebPage","@id":"https:\/\/galerieclaudemaurer.ca\/en\/art-gallery\/","url":"https:\/\/galerieclaudemaurer.ca\/en\/art-gallery\/","name":"Art Gallery - Galerie Claude Maurer","isPartOf":{"@id":"https:\/\/galerieclaudemaurer.ca\/en\/#website"},"primaryImageOfPage":{"@id":"https:\/\/galerieclaudemaurer.ca\/en\/art-gallery\/#primaryimage"},"image":{"@id":"https:\/\/galerieclaudemaurer.ca\/en\/art-gallery\/#primaryimage"},"thumbnailUrl":"https:\/\/galerieclaudemaurer.ca\/wp-content\/uploads\/2019\/05\/fb-rungu-2.png","datePublished":"2019-10-28T22:14:06+00:00","dateModified":"2019-11-05T15:53:41+00:00","breadcrumb":{"@id":"https:\/\/galerieclaudemaurer.ca\/en\/art-gallery\/#breadcrumb"},"inLanguage":"en-US","potentialAction":[{"@type":"ReadAction","target":["https:\/\/galerieclaudemaurer.ca\/en\/art-gallery\/"]}]},{"@type":"ImageObject","inLanguage":"en-US","@id":"https:\/\/galerieclaudemaurer.ca\/en\/art-gallery\/#primaryimage","url":"https:\/\/galerieclaudemaurer.ca\/wp-content\/uploads\/2019\/05\/fb-rungu-2.png","contentUrl":"https:\/\/galerieclaudemaurer.ca\/wp-content\/uploads\/2019\/05\/fb-rungu-2.png","width":200,"height":646},{"@type":"BreadcrumbList","@id":"https:\/\/galerieclaudemaurer.ca\/en\/art-gallery\/#breadcrumb","itemListElement":[{"@type":"ListItem","position":1,"name":"Accueil","item":"https:\/\/galerieclaudemaurer.ca\/en\/"},{"@type":"ListItem","position":2,"name":"Art Gallery"}]},{"@type":"WebSite","@id":"https:\/\/galerieclaudemaurer.ca\/en\/#website","url":"https:\/\/galerieclaudemaurer.ca\/en\/","name":"Galerie Claude Maurer","description":"Galerie d\u2019Art Africain Claude Maurer rue Sherbrooke Ouest \u00e0 Montr\u00e9al Qu\u00e9bec","potentialAction":[{"@type":"SearchAction","target":{"@type":"EntryPoint","urlTemplate":"https:\/\/galerieclaudemaurer.ca\/en\/?s={search_term_string}"},"query-input":{"@type":"PropertyValueSpecification","valueRequired":true,"valueName":"search_term_string"}}],"inLanguage":"en-US"}]}},"_links":{"self":[{"href":"https:\/\/galerieclaudemaurer.ca\/en\/wp-json\/wp\/v2\/pages\/463","targetHints":{"allow":["GET"]}}],"collection":[{"href":"https:\/\/galerieclaudemaurer.ca\/en\/wp-json\/wp\/v2\/pages"}],"about":[{"href":"https:\/\/galerieclaudemaurer.ca\/en\/wp-json\/wp\/v2\/types\/page"}],"author":[{"embeddable":true,"href":"https:\/\/galerieclaudemaurer.ca\/en\/wp-json\/wp\/v2\/users\/2"}],"replies":[{"embeddable":true,"href":"https:\/\/galerieclaudemaurer.ca\/en\/wp-json\/wp\/v2\/comments?post=463"}],"version-history":[{"count":13,"href":"https:\/\/galerieclaudemaurer.ca\/en\/wp-json\/wp\/v2\/pages\/463\/revisions"}],"predecessor-version":[{"id":693,"href":"https:\/\/galerieclaudemaurer.ca\/en\/wp-json\/wp\/v2\/pages\/463\/revisions\/693"}],"wp:featuredmedia":[{"embeddable":true,"href":"https:\/\/galerieclaudemaurer.ca\/en\/wp-json\/wp\/v2\/media\/298"}],"wp:attachment":[{"href":"https:\/\/galerieclaudemaurer.ca\/en\/wp-json\/wp\/v2\/media?parent=463"}],"curies":[{"name":"wp","href":"https:\/\/api.w.org\/{rel}","templated":true}]}}