{"id":475,"date":"2019-10-28T18:21:13","date_gmt":"2019-10-28T22:21:13","guid":{"rendered":"https:\/\/gcm.robertviens.com\/?page_id=475"},"modified":"2024-10-13T10:21:07","modified_gmt":"2024-10-13T14:21:07","slug":"contact-us","status":"publish","type":"page","link":"https:\/\/galerieclaudemaurer.ca\/en\/contact-us\/","title":{"rendered":"Contact Us"},"content":{"rendered":"<p>[et_pb_section fb_built=&#8221;1&#8243; _builder_version=&#8221;4.16&#8243; global_colors_info=&#8221;{}&#8221;][et_pb_row column_structure=&#8221;2_5,3_5&#8243; _builder_version=&#8221;4.16&#8243; global_colors_info=&#8221;{}&#8221;][et_pb_column type=&#8221;2_5&#8243; _builder_version=&#8221;4.16&#8243; custom_padding=&#8221;|||&#8221; global_colors_info=&#8221;{}&#8221; custom_padding__hover=&#8221;|||&#8221;][et_pb_text _builder_version=&#8221;4.16&#8243; global_colors_info=&#8221;{}&#8221;]<\/p>\n<p><strong>Galerie Claude Maurer<\/strong><br \/>1626, Sherbrooke St. West<br \/>Montreal, QC H3H 1C9<br \/>Canada<\/p>\n<p>Postal address:<br \/>1650, Sherbrooke St. West, Suite 301<br \/>Montr\u00e9al, QC H3H 1C9<br \/>Canada<\/p>\n<p>By phone:<br \/><strong>514 544-0678<\/strong><br \/><strong>514 591-8982<\/strong><\/p>\n<p>[\/et_pb_text][et_pb_image src=&#8221;https:\/\/galerieclaudemaurer.ca\/wp-content\/uploads\/2019\/05\/devanture-1.jpg&#8221; align_tablet=&#8221;center&#8221; align_phone=&#8221;&#8221; align_last_edited=&#8221;on|desktop&#8221; _builder_version=&#8221;4.16&#8243; global_colors_info=&#8221;{}&#8221;][\/et_pb_image][\/et_pb_column][et_pb_column type=&#8221;3_5&#8243; _builder_version=&#8221;4.16&#8243; custom_padding=&#8221;|||&#8221; global_colors_info=&#8221;{}&#8221; custom_padding__hover=&#8221;|||&#8221;][et_pb_contact_form email=&#8221;claudejmaurer@gmail.com&#8221; title=&#8221;Use the following form to send us your questions or comments:&#8221; custom_message=&#8221;<b>Correspondant anglophone<\/b>||et_pb_line_break_holder||||et_pb_line_break_holder||Message provenant d&#8217;un internaute %%firstName%% %%lastName%% :||et_pb_line_break_holder||Courriel : %%Email%%||et_pb_line_break_holder||T\u00e9l\u00e9phone : %%phone%%||et_pb_line_break_holder||||et_pb_line_break_holder||Message :||et_pb_line_break_holder||%%Message%%||et_pb_line_break_holder||&#8221; success_message=&#8221;We have received your message&#8221; _builder_version=&#8221;4.27.2&#8243; _unique_id=&#8221;5ceb946e-0a52-4c87-aec2-c516c9092999&#8243; title_font=&#8221;||||||||&#8221; title_font_size=&#8221;14px&#8221; form_field_font=&#8221;||||||||&#8221; hover_enabled=&#8221;0&#8243; global_colors_info=&#8221;{}&#8221; sticky_enabled=&#8221;0&#8243;][et_pb_contact_field field_id=&#8221;firstName&#8221; field_title=&#8221;First name&#8221; _builder_version=&#8221;4.16&#8243; global_colors_info=&#8221;{}&#8221; button_text_size__hover_enabled=&#8221;off&#8221; button_one_text_size__hover_enabled=&#8221;off&#8221; button_two_text_size__hover_enabled=&#8221;off&#8221; button_text_color__hover_enabled=&#8221;off&#8221; button_one_text_color__hover_enabled=&#8221;off&#8221; button_two_text_color__hover_enabled=&#8221;off&#8221; button_border_width__hover_enabled=&#8221;off&#8221; button_one_border_width__hover_enabled=&#8221;off&#8221; button_two_border_width__hover_enabled=&#8221;off&#8221; button_border_color__hover_enabled=&#8221;off&#8221; button_one_border_color__hover_enabled=&#8221;off&#8221; button_two_border_color__hover_enabled=&#8221;off&#8221; button_border_radius__hover_enabled=&#8221;off&#8221; button_one_border_radius__hover_enabled=&#8221;off&#8221; button_two_border_radius__hover_enabled=&#8221;off&#8221; button_letter_spacing__hover_enabled=&#8221;off&#8221; button_one_letter_spacing__hover_enabled=&#8221;off&#8221; button_two_letter_spacing__hover_enabled=&#8221;off&#8221; button_bg_color__hover_enabled=&#8221;off&#8221; button_one_bg_color__hover_enabled=&#8221;off&#8221; button_two_bg_color__hover_enabled=&#8221;off&#8221;][\/et_pb_contact_field][et_pb_contact_field field_id=&#8221;lastName&#8221; field_title=&#8221;Last name&#8221; _builder_version=&#8221;4.16&#8243; global_colors_info=&#8221;{}&#8221;][\/et_pb_contact_field][et_pb_contact_field field_id=&#8221;Email&#8221; field_title=&#8221;Email&#8221; field_type=&#8221;email&#8221; _builder_version=&#8221;4.16&#8243; global_colors_info=&#8221;{}&#8221; button_text_size__hover_enabled=&#8221;off&#8221; button_one_text_size__hover_enabled=&#8221;off&#8221; button_two_text_size__hover_enabled=&#8221;off&#8221; button_text_color__hover_enabled=&#8221;off&#8221; button_one_text_color__hover_enabled=&#8221;off&#8221; button_two_text_color__hover_enabled=&#8221;off&#8221; button_border_width__hover_enabled=&#8221;off&#8221; button_one_border_width__hover_enabled=&#8221;off&#8221; button_two_border_width__hover_enabled=&#8221;off&#8221; button_border_color__hover_enabled=&#8221;off&#8221; button_one_border_color__hover_enabled=&#8221;off&#8221; button_two_border_color__hover_enabled=&#8221;off&#8221; button_border_radius__hover_enabled=&#8221;off&#8221; button_one_border_radius__hover_enabled=&#8221;off&#8221; button_two_border_radius__hover_enabled=&#8221;off&#8221; button_letter_spacing__hover_enabled=&#8221;off&#8221; button_one_letter_spacing__hover_enabled=&#8221;off&#8221; button_two_letter_spacing__hover_enabled=&#8221;off&#8221; button_bg_color__hover_enabled=&#8221;off&#8221; button_one_bg_color__hover_enabled=&#8221;off&#8221; button_two_bg_color__hover_enabled=&#8221;off&#8221;][\/et_pb_contact_field][et_pb_contact_field field_id=&#8221;phone&#8221; field_title=&#8221;Phone&#8221; required_mark=&#8221;off&#8221; _builder_version=&#8221;4.16&#8243; global_colors_info=&#8221;{}&#8221;][\/et_pb_contact_field][et_pb_contact_field field_id=&#8221;Message&#8221; field_title=&#8221;Message&#8221; field_type=&#8221;text&#8221; fullwidth_field=&#8221;on&#8221; _builder_version=&#8221;4.16&#8243; global_colors_info=&#8221;{}&#8221; button_text_size__hover_enabled=&#8221;off&#8221; button_one_text_size__hover_enabled=&#8221;off&#8221; button_two_text_size__hover_enabled=&#8221;off&#8221; button_text_color__hover_enabled=&#8221;off&#8221; button_one_text_color__hover_enabled=&#8221;off&#8221; button_two_text_color__hover_enabled=&#8221;off&#8221; button_border_width__hover_enabled=&#8221;off&#8221; button_one_border_width__hover_enabled=&#8221;off&#8221; button_two_border_width__hover_enabled=&#8221;off&#8221; button_border_color__hover_enabled=&#8221;off&#8221; button_one_border_color__hover_enabled=&#8221;off&#8221; button_two_border_color__hover_enabled=&#8221;off&#8221; button_border_radius__hover_enabled=&#8221;off&#8221; button_one_border_radius__hover_enabled=&#8221;off&#8221; button_two_border_radius__hover_enabled=&#8221;off&#8221; button_letter_spacing__hover_enabled=&#8221;off&#8221; button_one_letter_spacing__hover_enabled=&#8221;off&#8221; button_two_letter_spacing__hover_enabled=&#8221;off&#8221; button_bg_color__hover_enabled=&#8221;off&#8221; button_one_bg_color__hover_enabled=&#8221;off&#8221; button_two_bg_color__hover_enabled=&#8221;off&#8221;][\/et_pb_contact_field][\/et_pb_contact_form][et_pb_code _builder_version=&#8221;4.16&#8243; global_colors_info=&#8221;{}&#8221;]<iframe loading=\"lazy\" src=\"https:\/\/maps.google.ca\/maps?q=1626,+Sherbrooke+street+West&#038;oe=utf-8&#038;client=firefox-a&#038;ie=UTF8&#038;hl=en&#038;hq=&#038;hnear=1626+Rue+Sherbrooke+Ouest,+Montr%C3%A9al,+Communaut%C3%A9-Urbaine-de-Montr%C3%A9al,+Qu%C3%A9bec&#038;ll=45.498978,-73.57986&#038;spn=0.010528,0.018239&#038;z=15&#038;iwloc=near&#038;output=embed\" width=\"624\" height=\"398\" frameborder=\"0\" marginwidth=\"0\" marginheight=\"0\" scrolling=\"no\" data-mce-fragment=\"1\"><\/iframe>[\/et_pb_code][\/et_pb_column][\/et_pb_row][\/et_pb_section]<\/p>\n","protected":false},"excerpt":{"rendered":"<p>Galerie Claude Maurer1626, Sherbrooke St. WestMontreal, QC H3H 1C9Canada Postal address:1650, Sherbrooke St. West, Suite 301Montr\u00e9al, QC H3H 1C9Canada By phone:514 544-0678514 591-8982<\/p>\n","protected":false},"author":2,"featured_media":281,"parent":0,"menu_order":0,"comment_status":"closed","ping_status":"closed","template":"","meta":{"_et_pb_use_builder":"on","_et_pb_old_content":"","_et_gb_content_width":"","footnotes":""},"class_list":["post-475","page","type-page","status-publish","has-post-thumbnail","hentry"],"yoast_head":"<!-- This site is optimized with the Yoast SEO plugin v26.7 - https:\/\/yoast.com\/wordpress\/plugins\/seo\/ -->\n<title>Contact Us - Galerie Claude Maurer<\/title>\n<meta name=\"robots\" content=\"index, follow, max-snippet:-1, max-image-preview:large, max-video-preview:-1\" \/>\n<link rel=\"canonical\" href=\"https:\/\/galerieclaudemaurer.ca\/en\/contact-us\/\" \/>\n<meta property=\"og:locale\" content=\"en_US\" \/>\n<meta property=\"og:type\" content=\"article\" \/>\n<meta property=\"og:title\" content=\"Contact Us - Galerie Claude Maurer\" \/>\n<meta property=\"og:description\" content=\"Galerie Claude Maurer1626, Sherbrooke St. WestMontreal, QC H3H 1C9Canada Postal address:1650, Sherbrooke St. West, Suite 301Montr\u00e9al, QC H3H 1C9Canada By phone:514 544-0678514 591-8982\" \/>\n<meta property=\"og:url\" content=\"https:\/\/galerieclaudemaurer.ca\/en\/contact-us\/\" \/>\n<meta property=\"og:site_name\" content=\"Galerie Claude Maurer\" \/>\n<meta property=\"article:modified_time\" content=\"2024-10-13T14:21:07+00:00\" \/>\n<meta property=\"og:image\" content=\"https:\/\/galerieclaudemaurer.ca\/wp-content\/uploads\/2019\/05\/devanture-1.jpg\" \/>\n\t<meta property=\"og:image:width\" content=\"1529\" \/>\n\t<meta property=\"og:image:height\" content=\"2048\" \/>\n\t<meta property=\"og:image:type\" content=\"image\/jpeg\" \/>\n<meta name=\"twitter:card\" content=\"summary_large_image\" \/>\n<meta name=\"twitter:label1\" content=\"Est. reading time\" \/>\n\t<meta name=\"twitter:data1\" content=\"1 minute\" \/>\n<script type=\"application\/ld+json\" class=\"yoast-schema-graph\">{\"@context\":\"https:\/\/schema.org\",\"@graph\":[{\"@type\":\"WebPage\",\"@id\":\"https:\/\/galerieclaudemaurer.ca\/en\/contact-us\/\",\"url\":\"https:\/\/galerieclaudemaurer.ca\/en\/contact-us\/\",\"name\":\"Contact Us - Galerie Claude Maurer\",\"isPartOf\":{\"@id\":\"https:\/\/galerieclaudemaurer.ca\/en\/#website\"},\"primaryImageOfPage\":{\"@id\":\"https:\/\/galerieclaudemaurer.ca\/en\/contact-us\/#primaryimage\"},\"image\":{\"@id\":\"https:\/\/galerieclaudemaurer.ca\/en\/contact-us\/#primaryimage\"},\"thumbnailUrl\":\"https:\/\/galerieclaudemaurer.ca\/wp-content\/uploads\/2019\/05\/devanture-1.jpg\",\"datePublished\":\"2019-10-28T22:21:13+00:00\",\"dateModified\":\"2024-10-13T14:21:07+00:00\",\"breadcrumb\":{\"@id\":\"https:\/\/galerieclaudemaurer.ca\/en\/contact-us\/#breadcrumb\"},\"inLanguage\":\"en-US\",\"potentialAction\":[{\"@type\":\"ReadAction\",\"target\":[\"https:\/\/galerieclaudemaurer.ca\/en\/contact-us\/\"]}]},{\"@type\":\"ImageObject\",\"inLanguage\":\"en-US\",\"@id\":\"https:\/\/galerieclaudemaurer.ca\/en\/contact-us\/#primaryimage\",\"url\":\"https:\/\/galerieclaudemaurer.ca\/wp-content\/uploads\/2019\/05\/devanture-1.jpg\",\"contentUrl\":\"https:\/\/galerieclaudemaurer.ca\/wp-content\/uploads\/2019\/05\/devanture-1.jpg\",\"width\":1529,\"height\":2048},{\"@type\":\"BreadcrumbList\",\"@id\":\"https:\/\/galerieclaudemaurer.ca\/en\/contact-us\/#breadcrumb\",\"itemListElement\":[{\"@type\":\"ListItem\",\"position\":1,\"name\":\"Accueil\",\"item\":\"https:\/\/galerieclaudemaurer.ca\/en\/\"},{\"@type\":\"ListItem\",\"position\":2,\"name\":\"Contact Us\"}]},{\"@type\":\"WebSite\",\"@id\":\"https:\/\/galerieclaudemaurer.ca\/en\/#website\",\"url\":\"https:\/\/galerieclaudemaurer.ca\/en\/\",\"name\":\"Galerie Claude Maurer\",\"description\":\"Galerie d\u2019Art Africain Claude Maurer rue Sherbrooke Ouest \u00e0 Montr\u00e9al Qu\u00e9bec\",\"potentialAction\":[{\"@type\":\"SearchAction\",\"target\":{\"@type\":\"EntryPoint\",\"urlTemplate\":\"https:\/\/galerieclaudemaurer.ca\/en\/?s={search_term_string}\"},\"query-input\":{\"@type\":\"PropertyValueSpecification\",\"valueRequired\":true,\"valueName\":\"search_term_string\"}}],\"inLanguage\":\"en-US\"}]}<\/script>\n<!-- \/ Yoast SEO plugin. -->","yoast_head_json":{"title":"Contact Us - Galerie Claude Maurer","robots":{"index":"index","follow":"follow","max-snippet":"max-snippet:-1","max-image-preview":"max-image-preview:large","max-video-preview":"max-video-preview:-1"},"canonical":"https:\/\/galerieclaudemaurer.ca\/en\/contact-us\/","og_locale":"en_US","og_type":"article","og_title":"Contact Us - Galerie Claude Maurer","og_description":"Galerie Claude Maurer1626, Sherbrooke St. WestMontreal, QC H3H 1C9Canada Postal address:1650, Sherbrooke St. West, Suite 301Montr\u00e9al, QC H3H 1C9Canada By phone:514 544-0678514 591-8982","og_url":"https:\/\/galerieclaudemaurer.ca\/en\/contact-us\/","og_site_name":"Galerie Claude Maurer","article_modified_time":"2024-10-13T14:21:07+00:00","og_image":[{"width":1529,"height":2048,"url":"https:\/\/galerieclaudemaurer.ca\/wp-content\/uploads\/2019\/05\/devanture-1.jpg","type":"image\/jpeg"}],"twitter_card":"summary_large_image","twitter_misc":{"Est. reading time":"1 minute"},"schema":{"@context":"https:\/\/schema.org","@graph":[{"@type":"WebPage","@id":"https:\/\/galerieclaudemaurer.ca\/en\/contact-us\/","url":"https:\/\/galerieclaudemaurer.ca\/en\/contact-us\/","name":"Contact Us - Galerie Claude Maurer","isPartOf":{"@id":"https:\/\/galerieclaudemaurer.ca\/en\/#website"},"primaryImageOfPage":{"@id":"https:\/\/galerieclaudemaurer.ca\/en\/contact-us\/#primaryimage"},"image":{"@id":"https:\/\/galerieclaudemaurer.ca\/en\/contact-us\/#primaryimage"},"thumbnailUrl":"https:\/\/galerieclaudemaurer.ca\/wp-content\/uploads\/2019\/05\/devanture-1.jpg","datePublished":"2019-10-28T22:21:13+00:00","dateModified":"2024-10-13T14:21:07+00:00","breadcrumb":{"@id":"https:\/\/galerieclaudemaurer.ca\/en\/contact-us\/#breadcrumb"},"inLanguage":"en-US","potentialAction":[{"@type":"ReadAction","target":["https:\/\/galerieclaudemaurer.ca\/en\/contact-us\/"]}]},{"@type":"ImageObject","inLanguage":"en-US","@id":"https:\/\/galerieclaudemaurer.ca\/en\/contact-us\/#primaryimage","url":"https:\/\/galerieclaudemaurer.ca\/wp-content\/uploads\/2019\/05\/devanture-1.jpg","contentUrl":"https:\/\/galerieclaudemaurer.ca\/wp-content\/uploads\/2019\/05\/devanture-1.jpg","width":1529,"height":2048},{"@type":"BreadcrumbList","@id":"https:\/\/galerieclaudemaurer.ca\/en\/contact-us\/#breadcrumb","itemListElement":[{"@type":"ListItem","position":1,"name":"Accueil","item":"https:\/\/galerieclaudemaurer.ca\/en\/"},{"@type":"ListItem","position":2,"name":"Contact Us"}]},{"@type":"WebSite","@id":"https:\/\/galerieclaudemaurer.ca\/en\/#website","url":"https:\/\/galerieclaudemaurer.ca\/en\/","name":"Galerie Claude Maurer","description":"Galerie d\u2019Art Africain Claude Maurer rue Sherbrooke Ouest \u00e0 Montr\u00e9al Qu\u00e9bec","potentialAction":[{"@type":"SearchAction","target":{"@type":"EntryPoint","urlTemplate":"https:\/\/galerieclaudemaurer.ca\/en\/?s={search_term_string}"},"query-input":{"@type":"PropertyValueSpecification","valueRequired":true,"valueName":"search_term_string"}}],"inLanguage":"en-US"}]}},"_links":{"self":[{"href":"https:\/\/galerieclaudemaurer.ca\/en\/wp-json\/wp\/v2\/pages\/475","targetHints":{"allow":["GET"]}}],"collection":[{"href":"https:\/\/galerieclaudemaurer.ca\/en\/wp-json\/wp\/v2\/pages"}],"about":[{"href":"https:\/\/galerieclaudemaurer.ca\/en\/wp-json\/wp\/v2\/types\/page"}],"author":[{"embeddable":true,"href":"https:\/\/galerieclaudemaurer.ca\/en\/wp-json\/wp\/v2\/users\/2"}],"replies":[{"embeddable":true,"href":"https:\/\/galerieclaudemaurer.ca\/en\/wp-json\/wp\/v2\/comments?post=475"}],"version-history":[{"count":6,"href":"https:\/\/galerieclaudemaurer.ca\/en\/wp-json\/wp\/v2\/pages\/475\/revisions"}],"predecessor-version":[{"id":771,"href":"https:\/\/galerieclaudemaurer.ca\/en\/wp-json\/wp\/v2\/pages\/475\/revisions\/771"}],"wp:featuredmedia":[{"embeddable":true,"href":"https:\/\/galerieclaudemaurer.ca\/en\/wp-json\/wp\/v2\/media\/281"}],"wp:attachment":[{"href":"https:\/\/galerieclaudemaurer.ca\/en\/wp-json\/wp\/v2\/media?parent=475"}],"curies":[{"name":"wp","href":"https:\/\/api.w.org\/{rel}","templated":true}]}}