{"id":479,"date":"2019-10-28T18:23:11","date_gmt":"2019-10-28T22:23:11","guid":{"rendered":"https:\/\/gcm.robertviens.com\/?page_id=479"},"modified":"2019-11-05T10:28:54","modified_gmt":"2019-11-05T15:28:54","slug":"privacy-policy","status":"publish","type":"page","link":"https:\/\/galerieclaudemaurer.ca\/en\/privacy-policy\/","title":{"rendered":"Privacy Policy"},"content":{"rendered":"\r\n<h1 class=\"wp-block-heading\">Who are we ?<\/h1>\r\n<p>An art gallery: African, tribal, modern and contemporary. The address of our website is: https:\/\/claudemaurer.com. This site is secure.<\/p>\r\n<p><strong><em>Galerie Claude Maurer<\/em>\u00a0is located at:<\/strong><\/p>\r\n<p>1626 Sherbrooke Street West, <br \/>Montreal, QC, H3H 1C9 <br \/>Canada <br \/><br \/>Contact us on the following numbers: <br \/><strong>514 544-0678<\/strong><br \/><strong>514 591-8982 (Cell M. Maurer)<\/strong><\/p>\r\n<h2 style=\"padding-top: 28px\">Use of personal data collected<\/h2>\r\n<h3 style=\"padding-top: 20px\">Contact Forms<\/h3>\r\n<p>Personal information collected through the <strong>Contact Form<\/strong> on the &#8220;<strong>Contact Us<\/strong>&#8221; page will not be shared with third parties. This information is kept by the <em>Galerie Claude Maurer<\/em>\u00a0for the purposes of correspondence between the Net surfers and the <em>Galerie Claude Maurer<\/em>\u00a0only. No personal data resides on this site as a database. All data traveling between the user and the <em>Galerie Claude Maurer<\/em> is secured by 256-bit encryption.<\/p>\r\n<h3 style=\"padding-top: 20px\">Cookies<\/h3>\r\n<p>No cookie recorded by the\u00a0<em>Galerie Claude Maurer\u2019s<\/em>\u00a0website contains personal data.<\/p>\r\n<h3 style=\"padding-top: 20px\">Statistics and audience measurements<\/h3>\r\n<p style=\"padding-bottom: 28px\">The <em>Galerie Claude Maurer&#8217;s<\/em> website uses audience measurement tools; these tools can influence the answers to the search criteria of search engines such as <em>Bing<\/em>, <em>Google<\/em>, <em>Yahoo<\/em> &#8230;<\/p>\r\n","protected":false},"excerpt":{"rendered":"<p>Une galerie d\u2019art africain, d\u2019art tribal, d\u2019art moderne et d\u2019art contemporain.  L\u2019adresse de notre site Web est\u00a0: https:\/\/claudemaurer.com. Ce site est\u00a0s\u00e9curis\u00e9.<\/p>\n","protected":false},"author":2,"featured_media":0,"parent":0,"menu_order":0,"comment_status":"closed","ping_status":"open","template":"","meta":{"_et_pb_use_builder":"","_et_pb_old_content":"","_et_gb_content_width":"","footnotes":""},"class_list":["post-479","page","type-page","status-publish","hentry"],"yoast_head":"<!-- This site is optimized with the Yoast SEO plugin v26.7 - https:\/\/yoast.com\/wordpress\/plugins\/seo\/ -->\n<title>Privacy Policy - Galerie Claude Maurer<\/title>\n<meta name=\"robots\" content=\"index, follow, max-snippet:-1, max-image-preview:large, max-video-preview:-1\" \/>\n<link rel=\"canonical\" href=\"https:\/\/galerieclaudemaurer.ca\/en\/privacy-policy\/\" \/>\n<meta property=\"og:locale\" content=\"en_US\" \/>\n<meta property=\"og:type\" content=\"article\" \/>\n<meta property=\"og:title\" content=\"Privacy Policy - Galerie Claude Maurer\" \/>\n<meta property=\"og:description\" content=\"Une galerie d\u2019art africain, d\u2019art tribal, d\u2019art moderne et d\u2019art contemporain. L\u2019adresse de notre site Web est\u00a0: https:\/\/claudemaurer.com. Ce site est\u00a0s\u00e9curis\u00e9.\" \/>\n<meta property=\"og:url\" content=\"https:\/\/galerieclaudemaurer.ca\/en\/privacy-policy\/\" \/>\n<meta property=\"og:site_name\" content=\"Galerie Claude Maurer\" \/>\n<meta property=\"article:modified_time\" content=\"2019-11-05T15:28:54+00:00\" \/>\n<meta name=\"twitter:card\" content=\"summary_large_image\" \/>\n<meta name=\"twitter:label1\" content=\"Est. reading time\" \/>\n\t<meta name=\"twitter:data1\" content=\"1 minute\" \/>\n<script type=\"application\/ld+json\" class=\"yoast-schema-graph\">{\"@context\":\"https:\/\/schema.org\",\"@graph\":[{\"@type\":\"WebPage\",\"@id\":\"https:\/\/galerieclaudemaurer.ca\/en\/privacy-policy\/\",\"url\":\"https:\/\/galerieclaudemaurer.ca\/en\/privacy-policy\/\",\"name\":\"Privacy Policy - Galerie Claude Maurer\",\"isPartOf\":{\"@id\":\"https:\/\/galerieclaudemaurer.ca\/en\/#website\"},\"datePublished\":\"2019-10-28T22:23:11+00:00\",\"dateModified\":\"2019-11-05T15:28:54+00:00\",\"breadcrumb\":{\"@id\":\"https:\/\/galerieclaudemaurer.ca\/en\/privacy-policy\/#breadcrumb\"},\"inLanguage\":\"en-US\",\"potentialAction\":[{\"@type\":\"ReadAction\",\"target\":[\"https:\/\/galerieclaudemaurer.ca\/en\/privacy-policy\/\"]}]},{\"@type\":\"BreadcrumbList\",\"@id\":\"https:\/\/galerieclaudemaurer.ca\/en\/privacy-policy\/#breadcrumb\",\"itemListElement\":[{\"@type\":\"ListItem\",\"position\":1,\"name\":\"Accueil\",\"item\":\"https:\/\/galerieclaudemaurer.ca\/en\/\"},{\"@type\":\"ListItem\",\"position\":2,\"name\":\"Privacy Policy\"}]},{\"@type\":\"WebSite\",\"@id\":\"https:\/\/galerieclaudemaurer.ca\/en\/#website\",\"url\":\"https:\/\/galerieclaudemaurer.ca\/en\/\",\"name\":\"Galerie Claude Maurer\",\"description\":\"Galerie d\u2019Art Africain Claude Maurer rue Sherbrooke Ouest \u00e0 Montr\u00e9al Qu\u00e9bec\",\"potentialAction\":[{\"@type\":\"SearchAction\",\"target\":{\"@type\":\"EntryPoint\",\"urlTemplate\":\"https:\/\/galerieclaudemaurer.ca\/en\/?s={search_term_string}\"},\"query-input\":{\"@type\":\"PropertyValueSpecification\",\"valueRequired\":true,\"valueName\":\"search_term_string\"}}],\"inLanguage\":\"en-US\"}]}<\/script>\n<!-- \/ Yoast SEO plugin. -->","yoast_head_json":{"title":"Privacy Policy - Galerie Claude Maurer","robots":{"index":"index","follow":"follow","max-snippet":"max-snippet:-1","max-image-preview":"max-image-preview:large","max-video-preview":"max-video-preview:-1"},"canonical":"https:\/\/galerieclaudemaurer.ca\/en\/privacy-policy\/","og_locale":"en_US","og_type":"article","og_title":"Privacy Policy - Galerie Claude Maurer","og_description":"Une galerie d\u2019art africain, d\u2019art tribal, d\u2019art moderne et d\u2019art contemporain. L\u2019adresse de notre site Web est\u00a0: https:\/\/claudemaurer.com. Ce site est\u00a0s\u00e9curis\u00e9.","og_url":"https:\/\/galerieclaudemaurer.ca\/en\/privacy-policy\/","og_site_name":"Galerie Claude Maurer","article_modified_time":"2019-11-05T15:28:54+00:00","twitter_card":"summary_large_image","twitter_misc":{"Est. reading time":"1 minute"},"schema":{"@context":"https:\/\/schema.org","@graph":[{"@type":"WebPage","@id":"https:\/\/galerieclaudemaurer.ca\/en\/privacy-policy\/","url":"https:\/\/galerieclaudemaurer.ca\/en\/privacy-policy\/","name":"Privacy Policy - Galerie Claude Maurer","isPartOf":{"@id":"https:\/\/galerieclaudemaurer.ca\/en\/#website"},"datePublished":"2019-10-28T22:23:11+00:00","dateModified":"2019-11-05T15:28:54+00:00","breadcrumb":{"@id":"https:\/\/galerieclaudemaurer.ca\/en\/privacy-policy\/#breadcrumb"},"inLanguage":"en-US","potentialAction":[{"@type":"ReadAction","target":["https:\/\/galerieclaudemaurer.ca\/en\/privacy-policy\/"]}]},{"@type":"BreadcrumbList","@id":"https:\/\/galerieclaudemaurer.ca\/en\/privacy-policy\/#breadcrumb","itemListElement":[{"@type":"ListItem","position":1,"name":"Accueil","item":"https:\/\/galerieclaudemaurer.ca\/en\/"},{"@type":"ListItem","position":2,"name":"Privacy Policy"}]},{"@type":"WebSite","@id":"https:\/\/galerieclaudemaurer.ca\/en\/#website","url":"https:\/\/galerieclaudemaurer.ca\/en\/","name":"Galerie Claude Maurer","description":"Galerie d\u2019Art Africain Claude Maurer rue Sherbrooke Ouest \u00e0 Montr\u00e9al Qu\u00e9bec","potentialAction":[{"@type":"SearchAction","target":{"@type":"EntryPoint","urlTemplate":"https:\/\/galerieclaudemaurer.ca\/en\/?s={search_term_string}"},"query-input":{"@type":"PropertyValueSpecification","valueRequired":true,"valueName":"search_term_string"}}],"inLanguage":"en-US"}]}},"_links":{"self":[{"href":"https:\/\/galerieclaudemaurer.ca\/en\/wp-json\/wp\/v2\/pages\/479","targetHints":{"allow":["GET"]}}],"collection":[{"href":"https:\/\/galerieclaudemaurer.ca\/en\/wp-json\/wp\/v2\/pages"}],"about":[{"href":"https:\/\/galerieclaudemaurer.ca\/en\/wp-json\/wp\/v2\/types\/page"}],"author":[{"embeddable":true,"href":"https:\/\/galerieclaudemaurer.ca\/en\/wp-json\/wp\/v2\/users\/2"}],"replies":[{"embeddable":true,"href":"https:\/\/galerieclaudemaurer.ca\/en\/wp-json\/wp\/v2\/comments?post=479"}],"version-history":[{"count":8,"href":"https:\/\/galerieclaudemaurer.ca\/en\/wp-json\/wp\/v2\/pages\/479\/revisions"}],"predecessor-version":[{"id":676,"href":"https:\/\/galerieclaudemaurer.ca\/en\/wp-json\/wp\/v2\/pages\/479\/revisions\/676"}],"wp:attachment":[{"href":"https:\/\/galerieclaudemaurer.ca\/en\/wp-json\/wp\/v2\/media?parent=479"}],"curies":[{"name":"wp","href":"https:\/\/api.w.org\/{rel}","templated":true}]}}